{"id":383,"date":"2022-02-20T21:52:22","date_gmt":"2022-02-20T21:52:22","guid":{"rendered":"https:\/\/vrarproject.eu\/?page_id=383"},"modified":"2022-10-18T13:53:02","modified_gmt":"2022-10-18T13:53:02","slug":"about","status":"publish","type":"page","link":"https:\/\/vrarproject.eu\/el\/about\/","title":{"rendered":"\u03a3\u03c7\u03b5\u03c4\u03b9\u03ba\u03ac \u03bc\u03b5 \u03c4\u03bf \u03ad\u03c1\u03b3\u03bf"},"content":{"rendered":"\u03a4\u03bf \u03ad\u03c1\u03b3\u03bf VRAR, &#8220;Learn and work easy in Virtual and Augmented Reality&#8221;, \u03c5\u03c0\u03bf\u03c3\u03c4\u03b7\u03c1\u03af\u03b6\u03b5\u03b9 \u03c4\u03b7\u03bd \u03b5\u03c0\u03b1\u03b3\u03b3\u03b5\u03bb\u03bc\u03b1\u03c4\u03b9\u03ba\u03ae \u03ba\u03b1\u03b8\u03bf\u03b4\u03ae\u03b3\u03b7\u03c3\u03b7 \u03b1\u03c4\u03cc\u03bc\u03c9\u03bd\u03c9\u03c0\u03bf\u03c5 \u03b5\u03c0\u03b9\u03b8\u03c5\u03bc\u03bf\u03cd\u03bd \u03bd\u03b1 \u03b5\u03c1\u03b3\u03b1\u03c3\u03c4\u03bf\u03cd\u03bd, \u03c3\u03c4\u03bf\u03bd \u03ba\u03cc\u03c3\u03bc\u03bf \u03c4\u03c9\u03bd \u03c3\u03cd\u03b3\u03c7\u03c1\u03bf\u03bd\u03c9\u03bd \u03c4\u03b5\u03c7\u03bd\u03bf\u03bb\u03bf\u03b3\u03b9\u03ce\u03bd \u03c0\u03bf\u03c5 \u03b5\u03b9\u03c3\u03ad\u03c1\u03c7\u03bf\u03bd\u03c4\u03b1\u03b9 \u03c3\u03b5 \u03cc\u03bb\u03bf\u03c5\u03c2 \u03c4\u03bf\u03c5\u03c2 \u03c4\u03bf\u03bc\u03b5\u03af\u03c2 \u03b4\u03c1\u03b1\u03c3\u03c4\u03b7\u03c1\u03b9\u03cc\u03c4\u03b7\u03c4\u03b1\u03c2. \u0397 \u03b5\u03b9\u03ba\u03bf\u03bd\u03b9\u03ba\u03ae \u03ba\u03b1\u03b9 \u03b7 \u03b5\u03c0\u03b1\u03c5\u03be\u03b7\u03bc\u03ad\u03bd\u03b7 \u03c0\u03c1\u03b1\u03b3\u03bc\u03b1\u03c4\u03b9\u03ba\u03cc\u03c4\u03b7\u03c4\u03b1 \u03b4\u03b5\u03bd \u03b5\u03af\u03bd\u03b1\u03b9 \u03c0\u03bb\u03ad\u03bf\u03bd \u03bc\u03b9\u03b1 \u03c4\u03b5\u03c7\u03bd\u03bf\u03bb\u03bf\u03b3\u03af\u03b1 \u03c4\u03bf\u03c5 \u03bc\u03ad\u03bb\u03bb\u03bf\u03bd\u03c4\u03bf\u03c2 \u03c0\u03bf\u03c5 \u03c7\u03c1\u03b7\u03c3\u03b9\u03bc\u03bf\u03c0\u03bf\u03b9\u03b5\u03af\u03c4\u03b1\u03b9 \u03bc\u03cc\u03bd\u03bf \u03b3\u03b9\u03b1 \u03c8\u03c5\u03c7\u03b1\u03b3\u03c9\u03b3\u03af\u03b1, \u03b1\u03bb\u03bb\u03ac \u03ad\u03bd\u03b1 \u03cc\u03bb\u03bf \u03ba\u03b1\u03b9 \u03c0\u03b9\u03bf \u03b4\u03b7\u03bc\u03bf\u03c6\u03b9\u03bb\u03ad\u03c2 \u03b5\u03c1\u03b3\u03b1\u03bb\u03b5\u03af\u03bf \u03c3\u03c4\u03b7\u03bd \u03b5\u03c0\u03b9\u03c3\u03c4\u03ae\u03bc\u03b7, \u03c4\u03b7\u03bd \u03b5\u03ba\u03c0\u03b1\u03af\u03b4\u03b5\u03c5\u03c3\u03b7 \u03ba\u03b1\u03b9 \u03c4\u03b7\u03bd \u03b9\u03b1\u03c4\u03c1\u03b9\u03ba\u03ae.\r\n\r\n\u039f \u03ba\u03cd\u03c1\u03b9\u03bf\u03c2 \u03c3\u03c4\u03cc\u03c7\u03bf\u03c2 \u03c4\u03bf\u03c5 \u03ad\u03c1\u03b3\u03bf\u03c5 \u03b5\u03af\u03bd\u03b1\u03b9 \u03b7 \u03b1\u03bd\u03ac\u03c0\u03c4\u03c5\u03be\u03b7 \u03b5\u03bd\u03cc\u03c2 \u03c3\u03cd\u03bd\u03c4\u03bf\u03bc\u03bf\u03c5 \u03b5\u03ba\u03c0\u03b1\u03b9\u03b4\u03b5\u03c5\u03c4\u03b9\u03ba\u03bf\u03cd \u03c0\u03c1\u03bf\u03b3\u03c1\u03ac\u03bc\u03bc\u03b1\u03c4\u03bf\u03c2 \u03c3\u03c4\u03bf\u03bd \u03c4\u03bf\u03bc\u03ad\u03b1 \u03c4\u03b7\u03c2 \u0395\u03b9\u03ba\u03bf\u03bd\u03b9\u03ba\u03ae\u03c2 \u03ba\u03b1\u03b9 \u0395\u03c0\u03b1\u03c5\u03be\u03b7\u03bc\u03ad\u03bd\u03b7\u03c2 \u03a0\u03c1\u03b1\u03b3\u03bc\u03b1\u03c4\u03b9\u03ba\u03cc\u03c4\u03b7\u03c4\u03b1\u03c2. \u0391\u03c5\u03c4\u03cc \u03b8\u03b1 \u03b5\u03c6\u03b1\u03c1\u03bc\u03bf\u03c3\u03c4\u03b5\u03af \u03bc\u03ad\u03c3\u03c9 \u03bc\u03b9\u03b1\u03c2 \u03ba\u03b1\u03c4\u03b5\u03c5\u03b8\u03c5\u03bd\u03c4\u03ae\u03c1\u03b9\u03b1\u03c2 \u03bc\u03b5\u03b8\u03bf\u03b4\u03bf\u03bb\u03bf\u03b3\u03af\u03b1\u03c2 \u03b3\u03b9\u03b1 \u03ac\u03c4\u03bf\u03bc\u03b1 \u03c0\u03bf\u03c5 \u03b1\u03bd\u03b1\u03b6\u03b7\u03c4\u03bf\u03cd\u03bd \u03b5\u03c1\u03b3\u03b1\u03c3\u03af\u03b1 \u03ba\u03b1\u03b9 \u03b5\u03c0\u03b9\u03c7\u03b5\u03b9\u03c1\u03b7\u03bc\u03b1\u03c4\u03af\u03b5\u03c2 \u03c3\u03c4\u03bf\u03bd \u03c4\u03bf\u03bc\u03ad\u03b1 \u03c4\u03b7\u03c2 \u0395\u03b9\u03ba\u03bf\u03bd\u03b9\u03ba\u03ae\u03c2 \u03ba\u03b1\u03b9 \u0395\u03c0\u03b1\u03c5\u03be\u03b7\u03bc\u03ad\u03bd\u03b7\u03c2 \u03a0\u03c1\u03b1\u03b3\u03bc\u03b1\u03c4\u03b9\u03ba\u03cc\u03c4\u03b7\u03c4\u03b1\u03c2, \u03ba\u03b1\u03b8\u03ce\u03c2 \u03ba\u03b1\u03b9 \u03b5\u03bd\u03cc\u03c2 \u03b5\u03b3\u03c7\u03b5\u03b9\u03c1\u03b9\u03b4\u03af\u03bf\u03c5 \u03ba\u03b1\u03b9 \u03b2\u03af\u03bd\u03c4\u03b5\u03bf \u03bc\u03b5 \u03bf\u03b4\u03b7\u03b3\u03af\u03b5\u03c2 \u03b3\u03b9\u03b1 \u03c4\u03b7\u03bd \u03b5\u03c1\u03b3\u03b1\u03c3\u03af\u03b1 \u03bc\u03b5 \u03c4\u03bf\u03bd \u03b5\u03be\u03bf\u03c0\u03bb\u03b9\u03c3\u03bc\u03cc \u03c0\u03bf\u03c5 \u03c7\u03c1\u03b7\u03c3\u03b9\u03bc\u03bf\u03c0\u03bf\u03b9\u03b5\u03af\u03c4\u03b1\u03b9 \u03b1\u03c0\u03cc \u03b5\u03c0\u03b1\u03b3\u03b3\u03b5\u03bb\u03bc\u03b1\u03c4\u03af\u03b5\u03c2 \u03c4\u03bf\u03c5 \u03ba\u03bb\u03ac\u03b4\u03bf\u03c5.\r\n\r\n\u0397 \u03b4\u03b9\u03b5\u03b8\u03bd\u03ae\u03c2 \u03ba\u03bf\u03b9\u03bd\u03bf\u03c0\u03c1\u03b1\u03be\u03af\u03b1 \u03c7\u03c1\u03b7\u03bc\u03b1\u03c4\u03bf\u03b4\u03bf\u03c4\u03b5\u03af\u03c4\u03b1\u03b9 \u03b1\u03c0\u03cc \u03c4\u03bf \u03a0\u03c1\u03cc\u03b3\u03c1\u03b1\u03bc\u03bc\u03b1 Erasmus+ \u03ba\u03b1\u03b9 \u03c3\u03c5\u03b3\u03ba\u03c1\u03bf\u03c4\u03b5\u03af\u03c4\u03b1\u03b9 \u03b1\u03c0\u03cc:\r\n<ul>\r\n \t<li><a href=\"https:\/\/hrda.smebg.net\/en\/\">The Human Resources Development Agency<\/a> (Bulgaria),<\/li>\r\n \t<li><a href=\"http:\/\/www.magnetar.com.cy\/\">Magnetar Ltd<\/a> (Cyprus),<\/li>\r\n \t<li><a href=\"http:\/\/sopa.lv\/\">Soci\u0101li Orient\u0113tu Projektu A\u0123ent\u016bra<\/a> (Latvia),<\/li>\r\n \t<li><a href=\"https:\/\/vizualno-oblikovanje.si\/\">3D Design Media<\/a> (Slovenia)<\/li>\r\n \t<li>and <a href=\"http:\/\/laoficinacultural.org\/\">LaOficina Producciones Culturales<\/a> (Spain).<\/li>\r\n<\/ul>\r\n&nbsp;\r\n\r\n<b>Project Number:\u00a0 2021-1-BG01-KA220-VET-000033294<\/b>","protected":false},"excerpt":{"rendered":"\u03a4\u03bf \u03ad\u03c1\u03b3\u03bf VRAR, &#8220;Learn and work easy in Virtual and Augmented Reality&#8221;, \u03c5\u03c0\u03bf\u03c3\u03c4\u03b7\u03c1\u03af\u03b6\u03b5\u03b9 \u03c4\u03b7\u03bd \u03b5\u03c0\u03b1\u03b3\u03b3\u03b5\u03bb\u03bc\u03b1\u03c4\u03b9\u03ba\u03ae \u03ba\u03b1\u03b8\u03bf\u03b4\u03ae\u03b3\u03b7\u03c3\u03b7 \u03b1\u03c4\u03cc\u03bc\u03c9\u03bd\u03c9\u03c0\u03bf\u03c5 \u03b5\u03c0\u03b9\u03b8\u03c5\u03bc\u03bf\u03cd\u03bd \u03bd\u03b1 \u03b5\u03c1\u03b3\u03b1\u03c3\u03c4\u03bf\u03cd\u03bd, \u03c3\u03c4\u03bf\u03bd \u03ba\u03cc\u03c3\u03bc\u03bf \u03c4\u03c9\u03bd \u03c3\u03cd\u03b3\u03c7\u03c1\u03bf\u03bd\u03c9\u03bd \u03c4\u03b5\u03c7\u03bd\u03bf\u03bb\u03bf\u03b3\u03b9\u03ce\u03bd \u03c0\u03bf\u03c5 \u03b5\u03b9\u03c3\u03ad\u03c1\u03c7\u03bf\u03bd\u03c4\u03b1\u03b9 \u03c3\u03b5 \u03cc\u03bb\u03bf\u03c5\u03c2 \u03c4\u03bf\u03c5\u03c2 \u03c4\u03bf\u03bc\u03b5\u03af\u03c2 \u03b4\u03c1\u03b1\u03c3\u03c4\u03b7\u03c1\u03b9\u03cc\u03c4\u03b7\u03c4\u03b1\u03c2. \u0397 \u03b5\u03b9\u03ba\u03bf\u03bd\u03b9\u03ba\u03ae \u03ba\u03b1\u03b9 \u03b7 \u03b5\u03c0\u03b1\u03c5\u03be\u03b7\u03bc\u03ad\u03bd\u03b7 \u03c0\u03c1\u03b1\u03b3\u03bc\u03b1\u03c4\u03b9\u03ba\u03cc\u03c4\u03b7\u03c4\u03b1 \u03b4\u03b5\u03bd \u03b5\u03af\u03bd\u03b1\u03b9&#8230;","protected":false},"author":4,"featured_media":0,"parent":0,"menu_order":0,"comment_status":"closed","ping_status":"closed","template":"","meta":{"footnotes":""},"class_list":["post-383","page","type-page","status-publish","hentry"],"_links":{"self":[{"href":"https:\/\/vrarproject.eu\/el\/wp-json\/wp\/v2\/pages\/383","targetHints":{"allow":["GET"]}}],"collection":[{"href":"https:\/\/vrarproject.eu\/el\/wp-json\/wp\/v2\/pages"}],"about":[{"href":"https:\/\/vrarproject.eu\/el\/wp-json\/wp\/v2\/types\/page"}],"author":[{"embeddable":true,"href":"https:\/\/vrarproject.eu\/el\/wp-json\/wp\/v2\/users\/4"}],"replies":[{"embeddable":true,"href":"https:\/\/vrarproject.eu\/el\/wp-json\/wp\/v2\/comments?post=383"}],"version-history":[{"count":5,"href":"https:\/\/vrarproject.eu\/el\/wp-json\/wp\/v2\/pages\/383\/revisions"}],"predecessor-version":[{"id":475,"href":"https:\/\/vrarproject.eu\/el\/wp-json\/wp\/v2\/pages\/383\/revisions\/475"}],"wp:attachment":[{"href":"https:\/\/vrarproject.eu\/el\/wp-json\/wp\/v2\/media?parent=383"}],"curies":[{"name":"wp","href":"https:\/\/api.w.org\/{rel}","templated":true}]}}