{"id":341,"date":"2022-02-20T21:52:22","date_gmt":"2022-02-20T21:52:22","guid":{"rendered":"https:\/\/vrarproject.eu\/?page_id=341"},"modified":"2022-10-10T15:37:28","modified_gmt":"2022-10-10T15:37:28","slug":"acerca-de","status":"publish","type":"page","link":"https:\/\/vrarproject.eu\/es\/acerca-de\/","title":{"rendered":"Acerca de"},"content":{"rendered":"[vc_row][vc_column][vc_column_text]El <strong>proyecto VRAR<\/strong>, \u00ab<strong>Aprender a trabajar f\u00e1cilmente con la Realidad Virtual y Aumentada<\/strong>\u00bb, trabaja para apoyar la orientaci\u00f3n profesional de las personas que han perdido su empleo o quieren cambiar de campo profesional, ayudando a embarcarse en el mundo de tecnolog\u00edas modernas aplicadas a todos los campos de actividad. La <strong>Realidad Virtual<\/strong>\u00a0y la <strong>Realidad Aumentada<\/strong> han dejado de ser una tecnolog\u00eda del futuro s\u00f3lo usadas en entretenimiento y se han hecho cada vez m\u00e1s populares en ciencia, educaci\u00f3n y medicina.<b><\/b>[\/vc_column_text][vc_column_text]El principal objetivo del proyecto es desarrollar un programa de formaci\u00f3n en el campo de la realidad virtual y aumentada. El programa se implementa con:\r\n<ul>\r\n \t<li>una gu\u00eda metodol\u00f3gica para demandantes de empleo y emprendedores;<\/li>\r\n \t<li>un manual de introducci\u00f3n a la tecnolog\u00eda;<\/li>\r\n \t<li>y v\u00eddeos educativos para trabajar con equipos comerciales del mercado.<\/li>\r\n<\/ul>\r\n[\/vc_column_text][vc_column_text]El consorcio internacional est\u00e1 financiado por el <strong>Programa Erasmus+<\/strong> y est\u00e1 formado por:\r\n<ul>\r\n \t<li><a href=\"https:\/\/hrda.smebg.net\/en\/\">The Human Resources Development Agency<\/a> (Bulgaria),<\/li>\r\n \t<li><a href=\"http:\/\/www.magnetar.com.cy\/\">Magnetar Ltd<\/a> (Chipre),<\/li>\r\n \t<li><a href=\"https:\/\/vizualno-oblikovanje.si\/\">3D Design Media<\/a> (Eslovenia),<\/li>\r\n \t<li><a href=\"http:\/\/laoficinacultural.org\/\">LaOficina Producciones Culturales<\/a> (Espa\u00f1a) y<\/li>\r\n \t<li><a href=\"http:\/\/sopa.lv\/\">Soci\u0101li Orient\u0113tu Projektu A\u0123ent\u016bra<\/a> (Letonia).<\/li>\r\n<\/ul>\r\n&nbsp;\r\n\r\n<b>Project Number:\u00a0 2021-1-BG01-KA220-VET-000033294<\/b>[\/vc_column_text][\/vc_column][\/vc_row]","protected":false},"excerpt":{"rendered":"[vc_row][vc_column][vc_column_text]El proyecto VRAR, \u00abAprender a trabajar f\u00e1cilmente con la Realidad Virtual y Aumentada\u00bb, trabaja para apoyar la orientaci\u00f3n profesional de las personas que han perdido su empleo o quieren cambiar de campo profesional, ayudando a embarcarse en el mundo de&#8230;","protected":false},"author":1,"featured_media":0,"parent":0,"menu_order":0,"comment_status":"closed","ping_status":"closed","template":"","meta":{"footnotes":""},"class_list":["post-341","page","type-page","status-publish","hentry"],"_links":{"self":[{"href":"https:\/\/vrarproject.eu\/es\/wp-json\/wp\/v2\/pages\/341","targetHints":{"allow":["GET"]}}],"collection":[{"href":"https:\/\/vrarproject.eu\/es\/wp-json\/wp\/v2\/pages"}],"about":[{"href":"https:\/\/vrarproject.eu\/es\/wp-json\/wp\/v2\/types\/page"}],"author":[{"embeddable":true,"href":"https:\/\/vrarproject.eu\/es\/wp-json\/wp\/v2\/users\/1"}],"replies":[{"embeddable":true,"href":"https:\/\/vrarproject.eu\/es\/wp-json\/wp\/v2\/comments?post=341"}],"version-history":[{"count":8,"href":"https:\/\/vrarproject.eu\/es\/wp-json\/wp\/v2\/pages\/341\/revisions"}],"predecessor-version":[{"id":421,"href":"https:\/\/vrarproject.eu\/es\/wp-json\/wp\/v2\/pages\/341\/revisions\/421"}],"wp:attachment":[{"href":"https:\/\/vrarproject.eu\/es\/wp-json\/wp\/v2\/media?parent=341"}],"curies":[{"name":"wp","href":"https:\/\/api.w.org\/{rel}","templated":true}]}}