{"id":355,"date":"2022-02-20T21:52:22","date_gmt":"2022-02-20T21:52:22","guid":{"rendered":"https:\/\/vrarproject.eu\/home\/"},"modified":"2023-03-22T15:04:56","modified_gmt":"2023-03-22T15:04:56","slug":"home","status":"publish","type":"page","link":"https:\/\/vrarproject.eu\/es\/","title":{"rendered":"Principal"},"content":{"rendered":"[vc_row css=\u00bb.vc_custom_1645463529524{background-position: center !important;background-repeat: no-repeat !important;background-size: cover !important;}\u00bb][vc_column css=\u00bb.vc_custom_1645459391243{padding-bottom: 50px !important;}\u00bb]\n\t\t\t<!-- START Slider 1 REVOLUTION SLIDER 6.5.15 --><p class=\"rs-p-wp-fix\"><\/p>\n\t\t\t<rs-module-wrap id=\"rev_slider_1_1_wrapper\" data-source=\"gallery\" style=\"visibility:hidden;background:transparent;padding:0;margin:0px auto;margin-top:0;margin-bottom:0;\">\n\t\t\t\t<rs-module id=\"rev_slider_1_1\" style=\"\" data-version=\"6.5.15\">\n\t\t\t\t\t<rs-slides>\n\t\t\t\t\t\t<rs-slide style=\"position: absolute;\" data-key=\"rs-1\" data-title=\"Slide\" data-in=\"o:0;\" data-out=\"a:false;\">\n\t\t\t\t\t\t\t<img loading=\"lazy\" decoding=\"async\" src=\"\/\/vrarproject.eu\/wp-content\/plugins\/revslider\/public\/assets\/assets\/dummy.png\" alt=\"\" title=\"172291415_5\" width=\"1440\" height=\"810\" class=\"rev-slidebg tp-rs-img rs-lazyload\" data-lazyload=\"\/\/vrarproject.eu\/wp-content\/uploads\/2022\/02\/backround-1-1440px.jpg\" data-no-retina>\n<!--\n\t\t\t\t\t\t\t--><rs-layer\n\t\t\t\t\t\t\t\tid=\"slider-1-slide-1-layer-0\" \n\t\t\t\t\t\t\t\tdata-type=\"text\"\n\t\t\t\t\t\t\t\tdata-color=\"#ffffff\"\n\t\t\t\t\t\t\t\tdata-tsh=\"c:rgba(0,0,0,0.45);h:15px;v:15px;b:20px;\"\n\t\t\t\t\t\t\t\tdata-rsp_ch=\"on\"\n\t\t\t\t\t\t\t\tdata-xy=\"x:189px;y:115px;\"\n\t\t\t\t\t\t\t\tdata-text=\"w:normal;s:60;l:70;ls:-1;fw:500;\"\n\t\t\t\t\t\t\t\tdata-dim=\"w:824px;minh:0px;\"\n\t\t\t\t\t\t\t\tdata-frame_999=\"o:0;st:w;\"\n\t\t\t\t\t\t\t\tstyle=\"z-index:10;font-family:'Poppins';text-transform:uppercase;\"\n\t\t\t\t\t\t\t>training program in the field of Virtual and Augmented Reality \n\t\t\t\t\t\t\t<\/rs-layer><!--\n\n\t\t\t\t\t\t\t--><rs-layer\n\t\t\t\t\t\t\t\tid=\"slider-1-slide-1-layer-1\" \n\t\t\t\t\t\t\t\tdata-type=\"image\"\n\t\t\t\t\t\t\t\tdata-rsp_ch=\"on\"\n\t\t\t\t\t\t\t\tdata-xy=\"x:626px;y:284px;\"\n\t\t\t\t\t\t\t\tdata-text=\"w:normal;\"\n\t\t\t\t\t\t\t\tdata-dim=\"w:597px;h:419px;\"\n\t\t\t\t\t\t\t\tdata-frame_0=\"x:right;\"\n\t\t\t\t\t\t\t\tdata-frame_1=\"sp:1000;\"\n\t\t\t\t\t\t\t\tdata-frame_999=\"o:0;st:w;\"\n\t\t\t\t\t\t\t\tstyle=\"z-index:9;\"\n\t\t\t\t\t\t\t><img loading=\"lazy\" decoding=\"async\" src=\"\/\/vrarproject.eu\/wp-content\/plugins\/revslider\/public\/assets\/assets\/dummy.png\" alt=\"\" class=\"tp-rs-img rs-lazyload\" width=\"597\" height=\"419\" data-lazyload=\"\/\/vrarproject.eu\/wp-content\/uploads\/2022\/02\/AR-image.png\" data-no-retina> \n\t\t\t\t\t\t\t<\/rs-layer><!--\n\n\t\t\t\t\t\t\t--><rs-layer\n\t\t\t\t\t\t\t\tid=\"slider-1-slide-1-layer-2\" \n\t\t\t\t\t\t\t\tdata-type=\"image\"\n\t\t\t\t\t\t\t\tdata-rsp_ch=\"on\"\n\t\t\t\t\t\t\t\tdata-xy=\"x:-1px;y:284px;\"\n\t\t\t\t\t\t\t\tdata-text=\"w:normal;\"\n\t\t\t\t\t\t\t\tdata-dim=\"w:527px;h:460px;\"\n\t\t\t\t\t\t\t\tdata-frame_0=\"x:left;\"\n\t\t\t\t\t\t\t\tdata-frame_1=\"sp:1000;\"\n\t\t\t\t\t\t\t\tdata-frame_999=\"o:0;st:w;\"\n\t\t\t\t\t\t\t\tstyle=\"z-index:8;\"\n\t\t\t\t\t\t\t><img loading=\"lazy\" decoding=\"async\" src=\"\/\/vrarproject.eu\/wp-content\/plugins\/revslider\/public\/assets\/assets\/dummy.png\" alt=\"\" class=\"tp-rs-img rs-lazyload\" width=\"900\" height=\"785\" data-lazyload=\"\/\/vrarproject.eu\/wp-content\/uploads\/2022\/02\/vr-girl-900px.png\" data-no-retina> \n\t\t\t\t\t\t\t<\/rs-layer><!--\n-->\t\t\t\t\t\t<\/rs-slide>\n\t\t\t\t\t<\/rs-slides>\n\t\t\t\t<\/rs-module>\n\t\t\t\t<script>\n\t\t\t\t\tsetREVStartSize({c: 'rev_slider_1_1',rl:[1240,1024,778,480],el:[700],gw:[1240],gh:[700],type:'standard',justify:'',layout:'fullwidth',mh:\"0\"});if (window.RS_MODULES!==undefined && window.RS_MODULES.modules!==undefined && window.RS_MODULES.modules[\"revslider11\"]!==undefined) {window.RS_MODULES.modules[\"revslider11\"].once = false;window.revapi1 = undefined;if (window.RS_MODULES.checkMinimal!==undefined) window.RS_MODULES.checkMinimal()}\n\t\t\t\t<\/script>\n\t\t\t<\/rs-module-wrap>\n\t\t\t<!-- END REVOLUTION SLIDER -->\n[\/vc_column][\/vc_row][vc_row][vc_column][vc_column_text]\r\n\r\n&nbsp;\r\n\r\n[\/vc_column_text][\/vc_column][\/vc_row][vc_row][vc_column width=\u00bb1\/3&#8243;][vc_column_text]El <strong>proyecto VRAR<\/strong>, \u00ab<strong>Aprender a trabajar f\u00e1cilmente con la Realidad Virtual y Aumentada<\/strong>\u00bb, trabaja para apoyar la orientaci\u00f3n profesional de las personas que han perdido su empleo o quieren cambiar de campo profesional, ayudando a embarcarse en el mundo de tecnolog\u00edas modernas aplicadas a todos los campos de actividad. La <strong>Realidad Virtual<\/strong>\u00a0y la <strong>Realidad Aumentada<\/strong> han dejado de ser una tecnolog\u00eda del futuro s\u00f3lo usadas en entretenimiento y se han hecho cada vez m\u00e1s populares en ciencia, educaci\u00f3n y medicina.<b><\/b>[\/vc_column_text][\/vc_column][vc_column width=\u00bb1\/3&#8243;][vc_column_text]El principal objetivo del proyecto es desarrollar un programa de formaci\u00f3n en el campo de la realidad virtual y aumentada. El programa se implementa con:\r\n<ul>\r\n \t<li>una gu\u00eda metodol\u00f3gica para demandantes de empleo y emprendedores;<\/li>\r\n \t<li>un manual de introducci\u00f3n a la tecnolog\u00eda;<\/li>\r\n \t<li>y v\u00eddeos educativos para trabajar con equipos comerciales del mercado.<\/li>\r\n<\/ul>\r\n[\/vc_column_text][\/vc_column][vc_column width=\u00bb1\/3&#8243;][vc_column_text]El consorcio internacional est\u00e1 financiado por el <strong>Programa Erasmus+<\/strong> y est\u00e1 formado por:\r\n<ul>\r\n \t<li><a href=\"https:\/\/hrda.smebg.net\/en\/\">The Human Resources Development Agency<\/a> (Bulgaria),<\/li>\r\n \t<li><a href=\"http:\/\/www.magnetar.com.cy\/\">Magnetar Ltd<\/a> (Chipre),<\/li>\r\n \t<li><a href=\"https:\/\/vizualno-oblikovanje.si\/\">3D Design Media<\/a> (Eslovenia),<\/li>\r\n \t<li><a href=\"http:\/\/laoficinacultural.org\/\">LaOficina Producciones Culturales<\/a> (Espa\u00f1a) y<\/li>\r\n \t<li><a href=\"http:\/\/sopa.lv\/\">Soci\u0101li Orient\u0113tu Projektu A\u0123ent\u016bra<\/a> (Letonia).<\/li>\r\n<\/ul>\r\n&nbsp;\r\n\r\n<b>Project Number:\u00a0 2021-1-BG01-KA220-VET-000033294<\/b>[\/vc_column_text][\/vc_column][\/vc_row]","protected":false},"excerpt":{"rendered":"[vc_row css=\u00bb.vc_custom_1645463529524{background-position: center !important;background-repeat: no-repeat !important;background-size: cover !important;}\u00bb][vc_column css=\u00bb.vc_custom_1645459391243{padding-bottom: 50px !important;}\u00bb][\/vc_column][\/vc_row][vc_row][vc_column][vc_column_text] &nbsp; [\/vc_column_text][\/vc_column][\/vc_row][vc_row][vc_column width=\u00bb1\/3&#8243;][vc_column_text]El proyecto VRAR, \u00abAprender a trabajar f\u00e1cilmente con la Realidad Virtual y Aumentada\u00bb, trabaja para apoyar la orientaci\u00f3n profesional de las personas que han perdido su empleo&#8230;","protected":false},"author":1,"featured_media":0,"parent":0,"menu_order":0,"comment_status":"closed","ping_status":"closed","template":"","meta":{"footnotes":""},"class_list":["post-355","page","type-page","status-publish","hentry"],"_links":{"self":[{"href":"https:\/\/vrarproject.eu\/es\/wp-json\/wp\/v2\/pages\/355","targetHints":{"allow":["GET"]}}],"collection":[{"href":"https:\/\/vrarproject.eu\/es\/wp-json\/wp\/v2\/pages"}],"about":[{"href":"https:\/\/vrarproject.eu\/es\/wp-json\/wp\/v2\/types\/page"}],"author":[{"embeddable":true,"href":"https:\/\/vrarproject.eu\/es\/wp-json\/wp\/v2\/users\/1"}],"replies":[{"embeddable":true,"href":"https:\/\/vrarproject.eu\/es\/wp-json\/wp\/v2\/comments?post=355"}],"version-history":[{"count":7,"href":"https:\/\/vrarproject.eu\/es\/wp-json\/wp\/v2\/pages\/355\/revisions"}],"predecessor-version":[{"id":777,"href":"https:\/\/vrarproject.eu\/es\/wp-json\/wp\/v2\/pages\/355\/revisions\/777"}],"wp:attachment":[{"href":"https:\/\/vrarproject.eu\/es\/wp-json\/wp\/v2\/media?parent=355"}],"curies":[{"name":"wp","href":"https:\/\/api.w.org\/{rel}","templated":true}]}}