{"id":344,"date":"2022-02-20T21:52:22","date_gmt":"2022-02-20T21:52:22","guid":{"rendered":"https:\/\/vrarproject.eu\/about\/"},"modified":"2022-08-16T17:01:47","modified_gmt":"2022-08-16T17:01:47","slug":"about","status":"publish","type":"page","link":"https:\/\/vrarproject.eu\/lv\/about\/","title":{"rendered":"Par projektu"},"content":{"rendered":"[vc_row][vc_column][vc_column_text]VR\/AR projekts \u201cM\u0101cieties un viegli str\u0101d\u0101jiet virtu\u0101laj\u0101 un papildin\u0101taj\u0101 realit\u0101t\u0113\u201d atbalsta to cilv\u0113ku profesion\u0101lo orient\u0101ciju, kuri zaud\u0113ju\u0161i darbu vai v\u0113las main\u012bt savu profesion\u0101lo jomu, \u013caujot vi\u0146iem iesaist\u012bties m\u016bsdienu tehnolo\u0123iju pasaul\u0113 vis\u0101s darb\u012bbas jom\u0101s.Virtu\u0101l\u0101 un Papildin\u0101t\u0101 Realit\u0101te vairs nav n\u0101kotnes tehnolo\u0123ija, ko izmanto tikai izklaidei, bet arvien popul\u0101r\u0101ks instruments zin\u0101tn\u0113, izgl\u012bt\u012bb\u0101 un medic\u012bn\u0101.\r\n\r\nGalvenais projekta m\u0113r\u0137is ir izstr\u0101d\u0101t \u012bsu m\u0101c\u012bbu programmu Virtu\u0101l\u0101s un Papildin\u0101t\u0101s realit\u0101tes jom\u0101. To \u012bstenos, izmantojot vadl\u012bnijas darba mekl\u0113t\u0101jiem un uz\u0146\u0113m\u0113jiem virtu\u0101l\u0101s un Papildin\u0101t\u0101s realit\u0101tes jom\u0101, k\u0101 ar\u012b rokasgr\u0101matu un video ar instrukcij\u0101m darbam ar apr\u012bkojumu, ko izmanto nozares profesion\u0101\u013ci. Starptautisko konsorciju finans\u0113 programma \u201cErasmus +\u201d, un to veido:\r\n<ul>\r\n \t<li><a href=\"https:\/\/hrda.smebg.net\/en\/\">The Human Resources Development Agency<\/a> (Bulgaria),<\/li>\r\n \t<li><a href=\"http:\/\/www.magnetar.com.cy\/\">Magnetar Ltd<\/a> (Cyprus),<\/li>\r\n \t<li><a href=\"http:\/\/sopa.lv\/\">Soci\u0101li Orient\u0113tu Projektu A\u0123ent\u016bra<\/a> (Latvia),<\/li>\r\n \t<li><a href=\"https:\/\/vizualno-oblikovanje.si\/\">3D Design Media<\/a> (Slovenia)<\/li>\r\n \t<li><a href=\"http:\/\/laoficinacultural.org\/\">LaOficina Producciones Culturales<\/a> (Spain).<\/li>\r\n<\/ul>\r\n<b>Projekta numurs:\u00a0 2021-1-BG01-KA220-VET-000033294<\/b>[\/vc_column_text][\/vc_column][\/vc_row]","protected":false},"excerpt":{"rendered":"[vc_row][vc_column][vc_column_text]VR\/AR projekts \u201cM\u0101cieties un viegli str\u0101d\u0101jiet virtu\u0101laj\u0101 un papildin\u0101taj\u0101 realit\u0101t\u0113\u201d atbalsta to cilv\u0113ku profesion\u0101lo orient\u0101ciju, kuri zaud\u0113ju\u0161i darbu vai v\u0113las main\u012bt savu profesion\u0101lo jomu, \u013caujot vi\u0146iem iesaist\u012bties m\u016bsdienu tehnolo\u0123iju pasaul\u0113 vis\u0101s darb\u012bbas jom\u0101s.Virtu\u0101l\u0101 un Papildin\u0101t\u0101 Realit\u0101te vairs nav n\u0101kotnes tehnolo\u0123ija,&#8230;","protected":false},"author":1,"featured_media":0,"parent":0,"menu_order":0,"comment_status":"closed","ping_status":"closed","template":"","meta":{"footnotes":""},"class_list":["post-344","page","type-page","status-publish","hentry"],"_links":{"self":[{"href":"https:\/\/vrarproject.eu\/lv\/wp-json\/wp\/v2\/pages\/344","targetHints":{"allow":["GET"]}}],"collection":[{"href":"https:\/\/vrarproject.eu\/lv\/wp-json\/wp\/v2\/pages"}],"about":[{"href":"https:\/\/vrarproject.eu\/lv\/wp-json\/wp\/v2\/types\/page"}],"author":[{"embeddable":true,"href":"https:\/\/vrarproject.eu\/lv\/wp-json\/wp\/v2\/users\/1"}],"replies":[{"embeddable":true,"href":"https:\/\/vrarproject.eu\/lv\/wp-json\/wp\/v2\/comments?post=344"}],"version-history":[{"count":6,"href":"https:\/\/vrarproject.eu\/lv\/wp-json\/wp\/v2\/pages\/344\/revisions"}],"predecessor-version":[{"id":449,"href":"https:\/\/vrarproject.eu\/lv\/wp-json\/wp\/v2\/pages\/344\/revisions\/449"}],"wp:attachment":[{"href":"https:\/\/vrarproject.eu\/lv\/wp-json\/wp\/v2\/media?parent=344"}],"curies":[{"name":"wp","href":"https:\/\/api.w.org\/{rel}","templated":true}]}}