{"id":353,"date":"2022-02-20T21:52:22","date_gmt":"2022-02-20T21:52:22","guid":{"rendered":"https:\/\/vrarproject.eu\/home\/"},"modified":"2023-03-22T15:07:18","modified_gmt":"2023-03-22T15:07:18","slug":"home","status":"publish","type":"page","link":"https:\/\/vrarproject.eu\/lv\/","title":{"rendered":"M\u0101jas lapa"},"content":{"rendered":"[vc_row css=&#8221;.vc_custom_1645463529524{background-position: center !important;background-repeat: no-repeat !important;background-size: cover !important;}&#8221;][vc_column css=&#8221;.vc_custom_1645459391243{padding-bottom: 50px !important;}&#8221;]\n\t\t\t<!-- START Slider 1 LV REVOLUTION SLIDER 6.5.15 --><p class=\"rs-p-wp-fix\"><\/p>\n\t\t\t<rs-module-wrap id=\"rev_slider_2_1_wrapper\" data-source=\"gallery\" style=\"visibility:hidden;background:transparent;padding:0;margin:0px auto;margin-top:0;margin-bottom:0;\">\n\t\t\t\t<rs-module id=\"rev_slider_2_1\" style=\"\" data-version=\"6.5.15\">\n\t\t\t\t\t<rs-slides>\n\t\t\t\t\t\t<rs-slide style=\"position: absolute;\" data-key=\"rs-2\" data-title=\"Slide\" data-in=\"o:0;\" data-out=\"a:false;\">\n\t\t\t\t\t\t\t<img loading=\"lazy\" decoding=\"async\" src=\"\/\/vrarproject.eu\/wp-content\/plugins\/revslider\/public\/assets\/assets\/dummy.png\" alt=\"\" title=\"172291415_5\" width=\"1440\" height=\"810\" class=\"rev-slidebg tp-rs-img rs-lazyload\" data-lazyload=\"\/\/vrarproject.eu\/wp-content\/uploads\/2022\/02\/backround-1-1440px.jpg\" data-no-retina>\n<!--\n\t\t\t\t\t\t\t--><rs-layer\n\t\t\t\t\t\t\t\tid=\"slider-2-slide-2-layer-0\" \n\t\t\t\t\t\t\t\tdata-type=\"text\"\n\t\t\t\t\t\t\t\tdata-color=\"#ffffff\"\n\t\t\t\t\t\t\t\tdata-tsh=\"c:rgba(0,0,0,0.45);h:15px;v:15px;b:20px;\"\n\t\t\t\t\t\t\t\tdata-rsp_ch=\"on\"\n\t\t\t\t\t\t\t\tdata-xy=\"x:189px;y:115px;\"\n\t\t\t\t\t\t\t\tdata-text=\"w:normal;s:60;l:70;ls:-1;fw:500;\"\n\t\t\t\t\t\t\t\tdata-dim=\"w:824px;minh:0px;\"\n\t\t\t\t\t\t\t\tdata-frame_999=\"o:0;st:w;\"\n\t\t\t\t\t\t\t\tstyle=\"z-index:10;font-family:'Poppins';text-transform:uppercase;\"\n\t\t\t\t\t\t\t>apm\u0101c\u012bbas programma virtu\u0101l\u0101s un papildin\u0101t\u0101s realit\u0101tes jom\u0101<br \/>\n \n\t\t\t\t\t\t\t<\/rs-layer><!--\n\n\t\t\t\t\t\t\t--><rs-layer\n\t\t\t\t\t\t\t\tid=\"slider-2-slide-2-layer-1\" \n\t\t\t\t\t\t\t\tdata-type=\"image\"\n\t\t\t\t\t\t\t\tdata-rsp_ch=\"on\"\n\t\t\t\t\t\t\t\tdata-xy=\"x:626px;y:284px;\"\n\t\t\t\t\t\t\t\tdata-text=\"w:normal;\"\n\t\t\t\t\t\t\t\tdata-dim=\"w:597px;h:419px;\"\n\t\t\t\t\t\t\t\tdata-frame_0=\"x:right;\"\n\t\t\t\t\t\t\t\tdata-frame_1=\"sp:1000;\"\n\t\t\t\t\t\t\t\tdata-frame_999=\"o:0;st:w;\"\n\t\t\t\t\t\t\t\tstyle=\"z-index:9;\"\n\t\t\t\t\t\t\t><img loading=\"lazy\" decoding=\"async\" src=\"\/\/vrarproject.eu\/wp-content\/plugins\/revslider\/public\/assets\/assets\/dummy.png\" alt=\"\" class=\"tp-rs-img rs-lazyload\" width=\"597\" height=\"419\" data-lazyload=\"\/\/vrarproject.eu\/wp-content\/uploads\/2022\/02\/AR-image.png\" data-no-retina> \n\t\t\t\t\t\t\t<\/rs-layer><!--\n\n\t\t\t\t\t\t\t--><rs-layer\n\t\t\t\t\t\t\t\tid=\"slider-2-slide-2-layer-2\" \n\t\t\t\t\t\t\t\tdata-type=\"image\"\n\t\t\t\t\t\t\t\tdata-rsp_ch=\"on\"\n\t\t\t\t\t\t\t\tdata-xy=\"x:-1px;y:284px;\"\n\t\t\t\t\t\t\t\tdata-text=\"w:normal;\"\n\t\t\t\t\t\t\t\tdata-dim=\"w:527px;h:460px;\"\n\t\t\t\t\t\t\t\tdata-frame_0=\"x:left;\"\n\t\t\t\t\t\t\t\tdata-frame_1=\"sp:1000;\"\n\t\t\t\t\t\t\t\tdata-frame_999=\"o:0;st:w;\"\n\t\t\t\t\t\t\t\tstyle=\"z-index:8;\"\n\t\t\t\t\t\t\t><img loading=\"lazy\" decoding=\"async\" src=\"\/\/vrarproject.eu\/wp-content\/plugins\/revslider\/public\/assets\/assets\/dummy.png\" alt=\"\" class=\"tp-rs-img rs-lazyload\" width=\"900\" height=\"785\" data-lazyload=\"\/\/vrarproject.eu\/wp-content\/uploads\/2022\/02\/vr-girl-900px.png\" data-no-retina> \n\t\t\t\t\t\t\t<\/rs-layer><!--\n-->\t\t\t\t\t\t<\/rs-slide>\n\t\t\t\t\t<\/rs-slides>\n\t\t\t\t<\/rs-module>\n\t\t\t\t<script>\n\t\t\t\t\tsetREVStartSize({c: 'rev_slider_2_1',rl:[1240,1024,778,480],el:[700],gw:[1240],gh:[700],type:'standard',justify:'',layout:'fullwidth',mh:\"0\"});if (window.RS_MODULES!==undefined && window.RS_MODULES.modules!==undefined && window.RS_MODULES.modules[\"revslider21\"]!==undefined) {window.RS_MODULES.modules[\"revslider21\"].once = false;window.revapi2 = undefined;if (window.RS_MODULES.checkMinimal!==undefined) window.RS_MODULES.checkMinimal()}\n\t\t\t\t<\/script>\n\t\t\t<\/rs-module-wrap>\n\t\t\t<!-- END REVOLUTION SLIDER -->\n[\/vc_column][\/vc_row][vc_row][vc_column width=&#8221;1\/3&#8243;][vc_column_text]\r\n<div class=\"entry-content2\">\r\n<div class=\"vc_row wpb_row vc_row-fluid vc_row_visible\">\r\n<div class=\"wpb_column vc_column_container vc_col-sm-12\">\r\n<div class=\"vc_column-inner\">\r\n<div class=\"wpb_wrapper\">\r\n<div class=\"wpb_text_column wpb_content_element \">\r\n<div class=\"wpb_wrapper\">\r\n\r\n<strong>VR\/AR projekts \u201cM\u0101cieties un viegli str\u0101d\u0101jiet virtu\u0101laj\u0101 un papildin\u0101taj\u0101 realit\u0101t\u0113\u201d<\/strong> atbalsta to cilv\u0113ku profesion\u0101lo orient\u0101ciju, kuri zaud\u0113ju\u0161i darbu vai v\u0113las main\u012bt savu profesion\u0101lo jomu, \u013caujot vi\u0146iem iesaist\u012bties m\u016bsdienu tehnolo\u0123iju pasaul\u0113 vis\u0101s darb\u012bbas jom\u0101s. <strong>Virtu\u0101l\u0101 un Papildin\u0101t\u0101 Realit\u0101te<\/strong> vairs nav n\u0101kotnes tehnolo\u0123ija, ko izmanto tikai izklaidei, bet arvien popul\u0101r\u0101ks instruments zin\u0101tn\u0113, izgl\u012bt\u012bb\u0101 un medic\u012bn\u0101.\r\n\r\n<\/div>\r\n<\/div>\r\n<\/div>\r\n<\/div>\r\n<\/div>\r\n<\/div>\r\n<\/div>\r\n[\/vc_column_text][\/vc_column][vc_column width=&#8221;1\/3&#8243;][vc_column_text]Galvenais projekta m\u0113r\u0137is ir izstr\u0101d\u0101t \u012bsu m\u0101c\u012bbu programmu Virtu\u0101l\u0101s un Papildin\u0101t\u0101s realit\u0101tes jom\u0101. To \u012bstenos, izmantojot vadl\u012bnijas darba mekl\u0113t\u0101jiem un uz\u0146\u0113m\u0113jiem virtu\u0101l\u0101s un Papildin\u0101t\u0101s realit\u0101tes jom\u0101, k\u0101 ar\u012b rokasgr\u0101matu un video ar instrukcij\u0101m darbam ar apr\u012bkojumu, ko izmanto nozares profesion\u0101\u013ci.[\/vc_column_text][\/vc_column][vc_column width=&#8221;1\/3&#8243;][vc_column_text]Starptautisko konsorciju finans\u0113 programma \u201cErasmus +\u201d, un to veido:\r\n<ul>\r\n \t<li><a href=\"https:\/\/hrda.smebg.net\/en\/\">The Human Resources Development Agency<\/a> (Bulgaria),<\/li>\r\n \t<li><a href=\"http:\/\/www.magnetar.com.cy\/\">Magnetar Ltd<\/a> (Cyprus),<\/li>\r\n \t<li><a href=\"http:\/\/sopa.lv\/\">Soci\u0101li Orient\u0113tu Projektu A\u0123ent\u016bra<\/a> (Latvia),<\/li>\r\n \t<li><a href=\"https:\/\/vizualno-oblikovanje.si\/\">3D Design Media<\/a> (Slovenia)<\/li>\r\n \t<li><a href=\"http:\/\/laoficinacultural.org\/\">LaOficina Producciones Culturales<\/a> (Spain).<\/li>\r\n<\/ul>\r\n<b>Projekta numurs:\u00a0 2021-1-BG01-KA220-VET-000033294<\/b>[\/vc_column_text][\/vc_column][\/vc_row]","protected":false},"excerpt":{"rendered":"[vc_row css=&#8221;.vc_custom_1645463529524{background-position: center !important;background-repeat: no-repeat !important;background-size: cover !important;}&#8221;][vc_column css=&#8221;.vc_custom_1645459391243{padding-bottom: 50px !important;}&#8221;][\/vc_column][\/vc_row][vc_row][vc_column width=&#8221;1\/3&#8243;][vc_column_text] VR\/AR projekts \u201cM\u0101cieties un viegli str\u0101d\u0101jiet virtu\u0101laj\u0101 un papildin\u0101taj\u0101 realit\u0101t\u0113\u201d atbalsta to cilv\u0113ku profesion\u0101lo orient\u0101ciju, kuri zaud\u0113ju\u0161i darbu vai v\u0113las main\u012bt savu profesion\u0101lo jomu, \u013caujot vi\u0146iem iesaist\u012bties m\u016bsdienu&#8230;","protected":false},"author":1,"featured_media":0,"parent":0,"menu_order":0,"comment_status":"closed","ping_status":"closed","template":"","meta":{"footnotes":""},"class_list":["post-353","page","type-page","status-publish","hentry"],"_links":{"self":[{"href":"https:\/\/vrarproject.eu\/lv\/wp-json\/wp\/v2\/pages\/353","targetHints":{"allow":["GET"]}}],"collection":[{"href":"https:\/\/vrarproject.eu\/lv\/wp-json\/wp\/v2\/pages"}],"about":[{"href":"https:\/\/vrarproject.eu\/lv\/wp-json\/wp\/v2\/types\/page"}],"author":[{"embeddable":true,"href":"https:\/\/vrarproject.eu\/lv\/wp-json\/wp\/v2\/users\/1"}],"replies":[{"embeddable":true,"href":"https:\/\/vrarproject.eu\/lv\/wp-json\/wp\/v2\/comments?post=353"}],"version-history":[{"count":7,"href":"https:\/\/vrarproject.eu\/lv\/wp-json\/wp\/v2\/pages\/353\/revisions"}],"predecessor-version":[{"id":778,"href":"https:\/\/vrarproject.eu\/lv\/wp-json\/wp\/v2\/pages\/353\/revisions\/778"}],"wp:attachment":[{"href":"https:\/\/vrarproject.eu\/lv\/wp-json\/wp\/v2\/media?parent=353"}],"curies":[{"name":"wp","href":"https:\/\/api.w.org\/{rel}","templated":true}]}}