{"id":365,"date":"2022-05-10T12:20:11","date_gmt":"2022-05-10T12:20:11","guid":{"rendered":"https:\/\/vrarproject.eu\/project-results\/"},"modified":"2022-08-16T17:16:46","modified_gmt":"2022-08-16T17:16:46","slug":"projekta-rezultati","status":"publish","type":"page","link":"https:\/\/vrarproject.eu\/lv\/projekta-rezultati\/","title":{"rendered":"Projekta rezult\u0101ti"},"content":{"rendered":"[vc_section full_width=&#8221;stretch_row&#8221; pix_over_visibility=&#8221;&#8221; pix_visibility=&#8221;1&#8243; css=&#8221;.vc_custom_1592670486085{padding-top: 30px !important;padding-bottom: 30px !important;background-color: #ffffff !important;}&#8221; b_custom_height=&#8221;100px&#8221;][\/vc_section][vc_section full_width=&#8221;stretch_row&#8221; pix_over_visibility=&#8221;&#8221; pix_visibility=&#8221;1&#8243; css=&#8221;.vc_custom_1592670486085{padding-top: 30px !important;padding-bottom: 30px !important;background-color: #ffffff !important;}&#8221; b_custom_height=&#8221;100px&#8221;][vc_row][vc_column width=&#8221;1\/3&#8243;][vc_column_text]<strong>Projekta Rezult\u0101ts 1<\/strong>\r\n\r\nMetodiskais regul\u0113jums ar vadl\u012bnij\u0101m darba mekl\u0113t\u0101jiem un uz\u0146\u0113m\u0113jiem VR AR tehnolo\u0123iju jom\u0101.[\/vc_column_text][vc_column_text]PR1 m\u0113r\u0137is ir izstr\u0101d\u0101t metodolo\u0123isku sist\u0113mu, lai atbalst\u012btu projektu m\u0113r\u0137grupas, lai t\u0101s ieviestu iesp\u0113ju sevi pozicion\u0113t darba tirg\u016b vai k\u0101 uz\u0146\u0113m\u0113jus VR un AR tehnolo\u0123iju jom\u0101.\r\n\r\nSist\u0113ma \u013caus:\r\n\r\nRaksturot pedago\u0123isko pieeju un m\u0101c\u012bbu metodiku.\r\n\r\nIzskaidrot kursa t\u0113mas, m\u0113r\u0137us un m\u0113r\u0137us.\r\n\r\nNodro\u0161in\u0101t metodisko matricu\/kopu, ap kuru tiks sak\u0101rtots un ieviests izgl\u012bt\u012bbas saturs.\r\n\r\nIzstr\u0101d\u0101t r\u012bc\u012bbas metodiku m\u0101c\u012bbu pieredzes apg\u016b\u0161anai.\r\n\r\nIerosin\u0101t tehniskos risin\u0101jumus.[\/vc_column_text][\/vc_column][vc_column width=&#8221;1\/3&#8243;][vc_column_text]<strong>Projekta Rezult\u0101ts 2<\/strong>\r\n\r\nRokasgr\u0101mata darbam ar VR un AR technolo\u0123ij\u0101m.[\/vc_column_text][vc_column_text]Trenera Rokasgr\u0101mata b\u016bs izstr\u0101d\u0101ts m\u0101c\u012bbu materi\u0101ls, kas kalpos diviem m\u0113r\u0137iem:\r\n<ol>\r\n \t<li>M\u0101c\u012bbu pakalpojuma pedago\u0123iskais aspekts, lai str\u0101d\u0101tu VR un AR vid\u0113.<\/li>\r\n \t<li>Tie\u0161saist\u0113 pieejam\u0101 m\u0101c\u012bbu pakalpojuma tehniskie aspekti un tas, k\u0101 lab\u0101k izmantot tie\u0161saistes materi\u0101lu k\u0101 m\u0101c\u012bbu programmu.<\/li>\r\n<\/ol>\r\n[\/vc_column_text][\/vc_column][vc_column width=&#8221;1\/3&#8243;][vc_column_text]<strong>Projekta Rezult\u0101ts 3<\/strong>\r\n\r\nApm\u0101c\u012bbas video materi\u0101li darbam ar VR and AR tehnolo\u0123ij\u0101m.[\/vc_column_text][vc_column_text]PR3 galvenie izn\u0101kumi ir webin\u0101ri ar grafiski uzlabotiem m\u0101c\u012bbu modu\u013ciem, kas pal\u012bdz\u0113s apm\u0101c\u012bt darba mekl\u0113t\u0101jus un n\u0101kotnes uz\u0146\u0113m\u0113jus.[\/vc_column_text][\/vc_column][\/vc_row][\/vc_section]","protected":false},"excerpt":{"rendered":"[vc_section full_width=&#8221;stretch_row&#8221; pix_over_visibility=&#8221;&#8221; pix_visibility=&#8221;1&#8243; css=&#8221;.vc_custom_1592670486085{padding-top: 30px !important;padding-bottom: 30px !important;background-color: #ffffff !important;}&#8221; b_custom_height=&#8221;100px&#8221;][\/vc_section][vc_section full_width=&#8221;stretch_row&#8221; pix_over_visibility=&#8221;&#8221; pix_visibility=&#8221;1&#8243; css=&#8221;.vc_custom_1592670486085{padding-top: 30px !important;padding-bottom: 30px !important;background-color: #ffffff !important;}&#8221; b_custom_height=&#8221;100px&#8221;][vc_row][vc_column width=&#8221;1\/3&#8243;][vc_column_text]Projekta Rezult\u0101ts 1 Metodiskais regul\u0113jums ar vadl\u012bnij\u0101m darba mekl\u0113t\u0101jiem un uz\u0146\u0113m\u0113jiem VR AR tehnolo\u0123iju jom\u0101.[\/vc_column_text][vc_column_text]PR1 m\u0113r\u0137is ir&#8230;","protected":false},"author":4,"featured_media":0,"parent":0,"menu_order":0,"comment_status":"closed","ping_status":"closed","template":"","meta":{"footnotes":""},"class_list":["post-365","page","type-page","status-publish","hentry"],"_links":{"self":[{"href":"https:\/\/vrarproject.eu\/lv\/wp-json\/wp\/v2\/pages\/365","targetHints":{"allow":["GET"]}}],"collection":[{"href":"https:\/\/vrarproject.eu\/lv\/wp-json\/wp\/v2\/pages"}],"about":[{"href":"https:\/\/vrarproject.eu\/lv\/wp-json\/wp\/v2\/types\/page"}],"author":[{"embeddable":true,"href":"https:\/\/vrarproject.eu\/lv\/wp-json\/wp\/v2\/users\/4"}],"replies":[{"embeddable":true,"href":"https:\/\/vrarproject.eu\/lv\/wp-json\/wp\/v2\/comments?post=365"}],"version-history":[{"count":4,"href":"https:\/\/vrarproject.eu\/lv\/wp-json\/wp\/v2\/pages\/365\/revisions"}],"predecessor-version":[{"id":455,"href":"https:\/\/vrarproject.eu\/lv\/wp-json\/wp\/v2\/pages\/365\/revisions\/455"}],"wp:attachment":[{"href":"https:\/\/vrarproject.eu\/lv\/wp-json\/wp\/v2\/media?parent=365"}],"curies":[{"name":"wp","href":"https:\/\/api.w.org\/{rel}","templated":true}]}}