{"id":537,"date":"2022-10-21T13:55:31","date_gmt":"2022-10-21T13:55:31","guid":{"rendered":"https:\/\/vrarproject.eu\/videos\/"},"modified":"2022-10-21T14:33:55","modified_gmt":"2022-10-21T14:33:55","slug":"video","status":"publish","type":"page","link":"https:\/\/vrarproject.eu\/lv\/video\/","title":{"rendered":"Video"},"content":{"rendered":"[vc_row][vc_column][vc_video link=&#8221;https:\/\/youtu.be\/lb7gg4p2WJQ&#8221; title=&#8221;K\u0101 lietot OculusQuest 1 &amp; 2&#8243;][vc_video link=&#8221;https:\/\/youtu.be\/rHkze_gRVtM&#8221; title=&#8221;K\u0101 lietot VR brilles viedt\u0101lru\u0146iem VRshinecon&#8221;][vc_video link=&#8221;https:\/\/youtu.be\/FdRo6fsZUU4&#8243; title=&#8221;K\u0101 lietot Oculus Rift&#8221;][vc_video link=&#8221;https:\/\/youtu.be\/dw1wJOqUkaw&#8221; title=&#8221;K\u0101 lietot HP Reverb G2&#8243;][vc_video link=&#8221;https:\/\/youtu.be\/cEoEWXI3fc4&#8243; title=&#8221;K\u0101 lietot Google Cardboard&#8221;][vc_video link=&#8221;https:\/\/youtu.be\/PUniJGQWGcs&#8221; title=&#8221;K\u0101 lietot &#8220;Magic Leap&#8220;&#8221;][\/vc_column][\/vc_row]","protected":false},"excerpt":{"rendered":"[vc_row][vc_column][vc_video link=&#8221;https:\/\/youtu.be\/lb7gg4p2WJQ&#8221; title=&#8221;K\u0101 lietot OculusQuest 1 &amp; 2&#8243;][vc_video link=&#8221;https:\/\/youtu.be\/rHkze_gRVtM&#8221; title=&#8221;K\u0101 lietot VR brilles viedt\u0101lru\u0146iem VRshinecon&#8221;][vc_video link=&#8221;https:\/\/youtu.be\/FdRo6fsZUU4&#8243; title=&#8221;K\u0101 lietot Oculus Rift&#8221;][vc_video link=&#8221;https:\/\/youtu.be\/dw1wJOqUkaw&#8221; title=&#8221;K\u0101 lietot HP Reverb G2&#8243;][vc_video link=&#8221;https:\/\/youtu.be\/cEoEWXI3fc4&#8243; title=&#8221;K\u0101 lietot Google Cardboard&#8221;][vc_video link=&#8221;https:\/\/youtu.be\/PUniJGQWGcs&#8221; title=&#8221;K\u0101 lietot &#8220;Magic Leap&#8220;&#8221;][\/vc_column][\/vc_row]","protected":false},"author":1,"featured_media":0,"parent":0,"menu_order":0,"comment_status":"closed","ping_status":"closed","template":"","meta":{"footnotes":""},"class_list":["post-537","page","type-page","status-publish","hentry"],"_links":{"self":[{"href":"https:\/\/vrarproject.eu\/lv\/wp-json\/wp\/v2\/pages\/537","targetHints":{"allow":["GET"]}}],"collection":[{"href":"https:\/\/vrarproject.eu\/lv\/wp-json\/wp\/v2\/pages"}],"about":[{"href":"https:\/\/vrarproject.eu\/lv\/wp-json\/wp\/v2\/types\/page"}],"author":[{"embeddable":true,"href":"https:\/\/vrarproject.eu\/lv\/wp-json\/wp\/v2\/users\/1"}],"replies":[{"embeddable":true,"href":"https:\/\/vrarproject.eu\/lv\/wp-json\/wp\/v2\/comments?post=537"}],"version-history":[{"count":3,"href":"https:\/\/vrarproject.eu\/lv\/wp-json\/wp\/v2\/pages\/537\/revisions"}],"predecessor-version":[{"id":555,"href":"https:\/\/vrarproject.eu\/lv\/wp-json\/wp\/v2\/pages\/537\/revisions\/555"}],"wp:attachment":[{"href":"https:\/\/vrarproject.eu\/lv\/wp-json\/wp\/v2\/media?parent=537"}],"curies":[{"name":"wp","href":"https:\/\/api.w.org\/{rel}","templated":true}]}}