{"id":369,"date":"2022-05-10T12:20:11","date_gmt":"2022-05-10T12:20:11","guid":{"rendered":"https:\/\/vrarproject.eu\/projekta-rezultati\/"},"modified":"2022-06-29T10:18:51","modified_gmt":"2022-06-29T10:18:51","slug":"project-results","status":"publish","type":"page","link":"https:\/\/vrarproject.eu\/sl\/project-results\/","title":{"rendered":"Rezultati projekta"},"content":{"rendered":"<p>[vc_section full_width=&#8221;stretch_row&#8221; pix_over_visibility=&#8221;&#8221; pix_visibility=&#8221;1&#8243; css=&#8221;.vc_custom_1592670486085{padding-top: 30px !important;padding-bottom: 30px !important;background-color: #ffffff !important;}&#8221; b_custom_height=&#8221;100px&#8221;][\/vc_section][vc_section full_width=&#8221;stretch_row&#8221; pix_over_visibility=&#8221;&#8221; pix_visibility=&#8221;1&#8243; css=&#8221;.vc_custom_1592670486085{padding-top: 30px !important;padding-bottom: 30px !important;background-color: #ffffff !important;}&#8221; b_custom_height=&#8221;100px&#8221;][vc_row][vc_column width=&#8221;1\/2&#8243;][vc_column_text]<strong>Project Result 1<\/strong><\/p>\n<p>Metodolo\u0161ki okvir s smernicami za iskalce zaposlitve in podjetnike na podro\u010dju NR in OR tehnologij.<\/p>\n<p>&nbsp;[\/vc_column_text][\/vc_column][vc_column width=&#8221;1\/2&#8243;][vc_column_text]Cilj RP1 je razvoj metodolo\u0161kega okvirja za podporo ciljnim skupinam projekta z namenom predstavitve prilo\u017enosti, ki se ponujajo, da se pozicionirajo na trgu dela ali kot podjetniki\u00a0 a podro\u010dju NR in OR tehnologij.<\/p>\n<p>Okvir bo:<\/p>\n<ul>\n<li>Opisal pedago\u0161ki pristop in metodologijo usposabljanja<\/li>\n<li>Pojasnil teme, namene in cilje.<\/li>\n<li>Zagotovil metodolo\u0161ko matriko\/nabor okoli katerega bodo organizirane in izvedene izobra\u017eevalne vsebine<\/li>\n<li>Razvil akcijske metodologije za izvajanje izobra\u017eevanja za pridobivanje izku\u0161enj.<\/li>\n<li>Predlagal tehni\u010dne re\u0161itve.<\/li>\n<\/ul>\n<p>&nbsp;[\/vc_column_text][\/vc_column][\/vc_row][\/vc_section][vc_section full_width=&#8221;stretch_row&#8221; pix_over_visibility=&#8221;&#8221; pix_visibility=&#8221;1&#8243; css=&#8221;.vc_custom_1592670486085{padding-top: 30px !important;padding-bottom: 30px !important;background-color: #ffffff !important;}&#8221; b_custom_height=&#8221;100px&#8221;][vc_row][vc_column width=&#8221;1\/2&#8243;][vc_column_text]<strong>Rezultati projekta 2<\/strong><\/p>\n<p>Priro\u010dnik za delo z NR in OR tehnologijami.[\/vc_column_text][\/vc_column][vc_column width=&#8221;1\/2&#8243;][vc_column_text]Priro\u010dnik za delo z NR in OR tehnologijami:<\/p>\n<ul>\n<li>Pedago\u0161kemu vidiku zagotavljanja usposabljanja z namenom dela na podro\u010dju NR in OR.<\/li>\n<li>Tehni\u010dnemu vidiku zagotavljanja uposabljanja, ki bo na voljo na spletu, kot tudi kako bolje izkoristiti spletno gradivo kot u\u010dni na\u010drt.<\/li>\n<\/ul>\n<p>[\/vc_column_text][\/vc_column][\/vc_row][\/vc_section][vc_section full_width=&#8221;stretch_row&#8221; pix_over_visibility=&#8221;&#8221; pix_visibility=&#8221;1&#8243; css=&#8221;.vc_custom_1592670486085{padding-top: 30px !important;padding-bottom: 30px !important;background-color: #ffffff !important;}&#8221; b_custom_height=&#8221;100px&#8221;][vc_row][vc_column width=&#8221;1\/2&#8243;][vc_column_text]<strong>Rezultati projekta 3<\/strong><\/p>\n<p>Video usposabljanje za delo z NR in OR.[\/vc_column_text][\/vc_column][vc_column width=&#8221;1\/2&#8243;][vc_column_text]Glavni rezultat RP3 so spletni seminarji z grafi\u010dno izbolj\u0161animi moduli usposabljanja, ki bodo v pomo\u010d pri izobra\u017eevanju iskalcev zaposlitve in bodo\u010dih podjetnikov.[\/vc_column_text][\/vc_column][\/vc_row][\/vc_section]<\/p>\n","protected":false},"excerpt":{"rendered":"[vc_section full_width=&#8221;stretch_row&#8221; pix_over_visibility=&#8221;&#8221; pix_visibility=&#8221;1&#8243; css=&#8221;.vc_custom_1592670486085{padding-top: 30px !important;padding-bottom: 30px !important;background-color: #ffffff !important;}&#8221; b_custom_height=&#8221;100px&#8221;][\/vc_section][vc_section full_width=&#8221;stretch_row&#8221; pix_over_visibility=&#8221;&#8221; pix_visibility=&#8221;1&#8243; css=&#8221;.vc_custom_1592670486085{padding-top: 30px !important;padding-bottom: 30px !important;background-color: #ffffff !important;}&#8221; b_custom_height=&#8221;100px&#8221;][vc_row][vc_column width=&#8221;1\/2&#8243;][vc_column_text]Project Result 1 Metodolo\u0161ki okvir s smernicami za iskalce zaposlitve in podjetnike na podro\u010dju NR in OR&#8230;","protected":false},"author":4,"featured_media":0,"parent":0,"menu_order":0,"comment_status":"closed","ping_status":"closed","template":"","meta":{"footnotes":""},"class_list":["post-369","page","type-page","status-publish","hentry"],"_links":{"self":[{"href":"https:\/\/vrarproject.eu\/sl\/wp-json\/wp\/v2\/pages\/369","targetHints":{"allow":["GET"]}}],"collection":[{"href":"https:\/\/vrarproject.eu\/sl\/wp-json\/wp\/v2\/pages"}],"about":[{"href":"https:\/\/vrarproject.eu\/sl\/wp-json\/wp\/v2\/types\/page"}],"author":[{"embeddable":true,"href":"https:\/\/vrarproject.eu\/sl\/wp-json\/wp\/v2\/users\/4"}],"replies":[{"embeddable":true,"href":"https:\/\/vrarproject.eu\/sl\/wp-json\/wp\/v2\/comments?post=369"}],"version-history":[{"count":4,"href":"https:\/\/vrarproject.eu\/sl\/wp-json\/wp\/v2\/pages\/369\/revisions"}],"predecessor-version":[{"id":430,"href":"https:\/\/vrarproject.eu\/sl\/wp-json\/wp\/v2\/pages\/369\/revisions\/430"}],"wp:attachment":[{"href":"https:\/\/vrarproject.eu\/sl\/wp-json\/wp\/v2\/media?parent=369"}],"curies":[{"name":"wp","href":"https:\/\/api.w.org\/{rel}","templated":true}]}}