{"id":385,"date":"2022-02-20T21:52:22","date_gmt":"2022-02-20T21:52:22","guid":{"rendered":"https:\/\/vrarproject.eu\/?page_id=385"},"modified":"2022-06-29T09:33:30","modified_gmt":"2022-06-29T09:33:30","slug":"about","status":"publish","type":"page","link":"https:\/\/vrarproject.eu\/sl\/about\/","title":{"rendered":"O tem spletnem mestu"},"content":{"rendered":"VRAR projekt &#8221;<strong>U\u010di se in delaj enostavno v navidezni in obogateni resni\u010dnosti<\/strong>&#8221;, deluje v smeri podpore karirerni orientaciji ljudi, ki so izgubili slu\u017ebo ali \u017eelijo spremeniti svojo poklicno pot, kar jim omogo\u010da vstop v svet sodobnih tehnologij z dostopom do vseh podro\u010dij dela. Navidezna in obogatena resni\u010dnost nista ve\u010d tehnologiji prihodnosti, ki se uporabljata le na podro\u010dju zabave, ampak postajata vedno bolj popularno orodje v znanosti, izobra\u017eevanju in medicini.\r\n\r\n<br\/><br\/>\r\n\r\nGlavni cilj projekta je razvoj kratkega izobra\u017eevalnega programa na podro\u010dju navidezne in obogatene resni\u010dnosti. Kar se bo izvedlo skozi smernice v metodologiji za iskalce zaposlitve in podjetnike na podro\u010dju navidezne in obogatene resni\u010dnosti, s pomo\u010djo priro\u010dnika in video navodil kako ravnati z opremo, ki jo uporabljajo strokovnjaki v industriji.\r\n\r\n<br\/><br\/>\r\n\r\nMednarodni konzorcij se financira iz <strong>programa Erasmus+<\/strong>, ki ga sestavljajo:\r\n<ul>\r\n \t<li><a href=\"https:\/\/hrda.smebg.net\/en\/\">The Human Resources Development Agency<\/a> (Bulgaria),<\/li>\r\n \t<li><a href=\"http:\/\/www.magnetar.com.cy\/\">Magnetar Ltd.<\/a> (Ciper),<\/li>\r\n \t<li><a href=\"http:\/\/sopa.lv\/\"> Agencija za dru\u017ebeno usmerjene projekte<\/a> (Latvija),<\/li>\r\n \t<li><a href=\"https:\/\/vizualno-oblikovanje.si\/\">3D Design Media<\/a> (Slovenia),<\/li>\r\n \t<li><a href=\"http:\/\/laoficinacultural.org\/\">LaOficina Producciones Culturales<\/a> (\u0160panija)<\/li>\r\n<\/ul>\r\n<br\/><br\/>\r\n<b>\u0160tevilka projekta: 2021-1-BG01-KA220-VET-000033294<\/b>","protected":false},"excerpt":{"rendered":"VRAR projekt &#8221;U\u010di se in delaj enostavno v navidezni in obogateni resni\u010dnosti&#8221;, deluje v smeri podpore karirerni orientaciji ljudi, ki so izgubili slu\u017ebo ali \u017eelijo spremeniti svojo poklicno pot, kar jim omogo\u010da vstop v svet sodobnih tehnologij z dostopom do&#8230;","protected":false},"author":4,"featured_media":0,"parent":0,"menu_order":0,"comment_status":"closed","ping_status":"closed","template":"","meta":{"footnotes":""},"class_list":["post-385","page","type-page","status-publish","hentry"],"_links":{"self":[{"href":"https:\/\/vrarproject.eu\/sl\/wp-json\/wp\/v2\/pages\/385","targetHints":{"allow":["GET"]}}],"collection":[{"href":"https:\/\/vrarproject.eu\/sl\/wp-json\/wp\/v2\/pages"}],"about":[{"href":"https:\/\/vrarproject.eu\/sl\/wp-json\/wp\/v2\/types\/page"}],"author":[{"embeddable":true,"href":"https:\/\/vrarproject.eu\/sl\/wp-json\/wp\/v2\/users\/4"}],"replies":[{"embeddable":true,"href":"https:\/\/vrarproject.eu\/sl\/wp-json\/wp\/v2\/comments?post=385"}],"version-history":[{"count":5,"href":"https:\/\/vrarproject.eu\/sl\/wp-json\/wp\/v2\/pages\/385\/revisions"}],"predecessor-version":[{"id":427,"href":"https:\/\/vrarproject.eu\/sl\/wp-json\/wp\/v2\/pages\/385\/revisions\/427"}],"wp:attachment":[{"href":"https:\/\/vrarproject.eu\/sl\/wp-json\/wp\/v2\/media?parent=385"}],"curies":[{"name":"wp","href":"https:\/\/api.w.org\/{rel}","templated":true}]}}